{"id":483,"date":"2025-11-27T15:06:07","date_gmt":"2025-11-27T14:06:07","guid":{"rendered":"http:\/\/excelpharma.apsagir.com\/?page_id=483"},"modified":"2025-11-27T15:06:07","modified_gmt":"2025-11-27T14:06:07","slug":"5-sur-5","status":"publish","type":"page","link":"https:\/\/excelpharma.apsagir.com\/index.php\/5-sur-5\/","title":{"rendered":"5 sur 5"},"content":{"rendered":"    <div class=\"cinq5-wrapper\">\n\n        <h1 class=\"cinq5-main-title\">\n            Mandatement 5\/5 2026\n        <\/h1>\n\n        \n            <div class=\"cinq5-info-box\">\n                <div class=\"cinq5-info-title\">\n                    <span class=\"cinq5-info-icon\">i<\/span>\n                    Informations importantes\n                <\/div>\n\n                <div class=\"cinq5-info-text\">\n\n                    <div style=\"text-align:center; margin-bottom:20px;\">\n                        <img decoding=\"async\" src=\"https:\/\/les-officinales.apsagir.com\/wp-content\/uploads\/2025\/12\/LesOffres55.png\"\n                             alt=\"Les offres 5\/5\"\n                             style=\"max-width:90%;\">\n                    <\/div>\n\n                    Le mandatement sur les moustiques donne acc\u00e8s \u00e0 une offre de pr\u00e9commande sur la gamme poux,\n                    valable jusqu\u2019au 10\/12\/2025, tarif 2025, livraison 2026.\n                    <ul><li>Remise : 50%<\/li>\n                    <li>24 U + 3 UG (livrable en 1 fois)<\/li>\n                    <li>48 U + 8 UG (livrable en 2 fois).<\/li>\n\n                    <li>Les unit\u00e9s poux command\u00e9es sont en plus des volumes n\u00e9cessaires pour atteindre la PDM moustiques\n                    de 50%. <\/li><li>Passage au tarif 2026&nbsp;: le 01\/01\/2026. La remise 2026 sera de 50% sur cette gamme.<\/li>\n                    <li>Une remise de 50% sur la gamme Thermcool&amp;hot poches de billes d\u00e8s 4 r\u00e9f\u00e9rences command\u00e9es.<\/li><\/ul><br><br>\n\n                    Si vous confiez <strong>50% de vos parts de march\u00e9 \u00e0 5\/5<\/strong>,\n                    vous obtiendrez <strong>50% de remise d\u00e8s 72 unit\u00e9s<\/strong>.<br><br>\n\n                    Votre d\u00e9l\u00e9gu\u00e9 <strong>B&amp;L<\/strong> vous fera signer un engagement.\n                    Vous trouverez le fichier des d\u00e9l\u00e9gu\u00e9s en t\u00e9l\u00e9chargement ci-dessous.<br><br>\n\n                    <strong style=\"color:#991b1b;\">Commandez avant le 20\/12\/2025<\/strong>\n                    pour b\u00e9n\u00e9ficier des <strong>prix 2025 en 2026<\/strong>.\n                <\/div>\n            <\/div>\n\n            <style>\n                .cinq5-wrapper {\n                    max-width: 900px;\n                    margin: 40px auto 60px;\n                    padding: 0 20px;\n                }\n                .cinq5-main-title {\n                    font-size: 28px;\n                    font-weight: 700;\n                    margin-bottom: 10px;\n                }\n                .cinq5-info-box {\n                    margin: 25px 0;\n                    padding: 18px 24px;\n                    border-radius: 14px;\n                    background: linear-gradient(135deg, #e8f5e9, #ffffff);\n                    border-left: 6px solid #16a34a;\n                    box-shadow: 0 6px 18px rgba(0, 0, 0, 0.08);\n                }\n                .cinq5-info-title {\n                    font-size: 16px;\n                    font-weight: 700;\n                    color: #15803d;\n                    margin-bottom: 10px;\n                    display: flex;\n                    align-items: center;\n                    gap: 8px;\n                }\n                .cinq5-info-icon {\n                    display: inline-flex;\n                    align-items: center;\n                    justify-content: center;\n                    width: 22px;\n                    height: 22px;\n                    background: #16a34a;\n                    color: #fff;\n                    border-radius: 50%;\n                    font-size: 13px;\n                    font-weight: 700;\n                }\n                .cinq5-info-text {\n                    font-size: 15px;\n                    color: #1e293b;\n                    line-height: 1.55;\n                }\n\n                .cinq5-card {\n                    background: linear-gradient(145deg, #f9fafb, #e5f3ff);\n                    border-radius: 18px;\n                    box-shadow: 0 14px 32px rgba(15, 23, 42, 0.18);\n                    padding: 22px 24px;\n                    display: flex;\n                    flex-direction: column;\n                    gap: 10px;\n                    margin-top: 20px;\n                }\n                .cinq5-title {\n                    font-size: 18px;\n                    font-weight: 700;\n                    color: #111827;\n                }\n                .cinq5-text {\n                    font-size: 14px;\n                    color: #4b5563;\n                }\n                .cinq5-btn {\n                    display: inline-flex;\n                    align-items: center;\n                    justify-content: center;\n                    gap: 10px;\n                    margin-top: 10px;\n                    padding: 10px 24px;\n                    border-radius: 999px;\n                    background: #16a34a;\n                    color: #ffffff;\n                    font-weight: 700;\n                    font-size: 14px;\n                    text-decoration: none;\n                    border: 2px solid #15803d;\n                    transition: 0.15s ease-in-out;\n                    cursor: pointer;\n                }\n                .cinq5-btn svg {\n                    width: 18px;\n                    height: 18px;\n                    fill: white;\n                }\n                .cinq5-btn:hover {\n                    background: #15803d;\n                    transform: translateY(-1px);\n                    box-shadow: 0 10px 20px rgba(21, 128, 61, 0.35);\n                }\n\n                .cinq5-viewer-wrapper {\n                    margin-top: 24px;\n                    border-radius: 14px;\n                    overflow: hidden;\n                    box-shadow: 0 10px 24px rgba(15, 23, 42, 0.18);\n                    border: 1px solid #e5e7eb;\n                }\n                .cinq5-viewer-wrapper iframe {\n                    width: 100%;\n                    height: 600px;\n                    border: 0;\n                }\n\n                .wp-block-spacer {\n                    display: none !important;\n                }\n            <\/style>\n\n            <div class=\"cinq5-card\">\n                <div class=\"cinq5-title\">T\u00e9l\u00e9chargements 5\/5<\/div>\n\n                <div class=\"cinq5-text\">\n                    Retrouvez ici vos documents 5\/5 : bon de commande et liste des d\u00e9l\u00e9gu\u00e9s.\n                <\/div>\n\n                                    <a class=\"cinq5-btn\"\n                       href=\"https:\/\/les-officinales.apsagir.com\/wp-content\/uploads\/2025\/12\/Bon-de-pre-commandes-cinq-sur-cinq-Mandat-moustiques_.xlsx\"\n                       target=\"_blank\" rel=\"noopener\">\n                        <svg viewBox=\"0 0 24 24\">\n                            <path d=\"M5 20h14v-2H5v2zm7-18L5.33 9h3.84v4h4.66V9h3.84L12 2z\"\/>\n                        <\/svg>\n                        T\u00e9l\u00e9charger le BDC\n                    <\/a>\n                \n                <a class=\"cinq5-btn\"\n                   href=\"https:\/\/les-officinales.apsagir.com\/wp-content\/uploads\/2025\/12\/DeleguesBauschApsagir.xlsx\"\n                   target=\"_blank\" rel=\"noopener\">\n\n                    <svg viewBox=\"0 0 24 24\">\n                        <path d=\"M19 2H8c-1.1 0-2 .9-2 2v3H3c-.55 0-1 .45-1 1v10c0 \n                                 .55.45 1 1h3v3c0 1.1.9 2 2 2h11c1.1 0 2-.9 \n                                 2-2V4c0-1.1-.9-2-2-2zm0 18H8v-3h7c.55 0 1-.45 \n                                 1-1V7c0-.55-.45-1-1-1H8V4h11v16zM8 9.5v5l3.5-2.5L8 \n                                 9.5z\" \/>\n                    <\/svg>\n\n                    T\u00e9l\u00e9charger l\u2019Excel (liste des RP)\n                <\/a>\n            <\/div>\n\n                            <div class=\"cinq5-viewer-wrapper\">\n                    <iframe src=\"https:\/\/view.officeapps.live.com\/op\/embed.aspx?src=https%3A%2F%2Fles-officinales.apsagir.com%2Fwp-content%2Fuploads%2F2025%2F12%2FDeleguesBauschApsagir.xlsx\" allowfullscreen><\/iframe>\n                <\/div>\n            \n        \n    <\/div>\n    ","protected":false},"excerpt":{"rendered":"","protected":false},"author":1,"featured_media":0,"parent":0,"menu_order":0,"comment_status":"closed","ping_status":"closed","template":"","meta":{"footnotes":""},"class_list":["post-483","page","type-page","status-publish","hentry"],"_links":{"self":[{"href":"https:\/\/excelpharma.apsagir.com\/index.php\/wp-json\/wp\/v2\/pages\/483","targetHints":{"allow":["GET"]}}],"collection":[{"href":"https:\/\/excelpharma.apsagir.com\/index.php\/wp-json\/wp\/v2\/pages"}],"about":[{"href":"https:\/\/excelpharma.apsagir.com\/index.php\/wp-json\/wp\/v2\/types\/page"}],"author":[{"embeddable":true,"href":"https:\/\/excelpharma.apsagir.com\/index.php\/wp-json\/wp\/v2\/users\/1"}],"replies":[{"embeddable":true,"href":"https:\/\/excelpharma.apsagir.com\/index.php\/wp-json\/wp\/v2\/comments?post=483"}],"version-history":[{"count":2,"href":"https:\/\/excelpharma.apsagir.com\/index.php\/wp-json\/wp\/v2\/pages\/483\/revisions"}],"predecessor-version":[{"id":485,"href":"https:\/\/excelpharma.apsagir.com\/index.php\/wp-json\/wp\/v2\/pages\/483\/revisions\/485"}],"wp:attachment":[{"href":"https:\/\/excelpharma.apsagir.com\/index.php\/wp-json\/wp\/v2\/media?parent=483"}],"curies":[{"name":"wp","href":"https:\/\/api.w.org\/{rel}","templated":true}]}}