{"id":782,"date":"2026-01-27T10:53:04","date_gmt":"2026-01-27T09:53:04","guid":{"rendered":"https:\/\/excelpharma.apsagir.com\/index.php\/produit\/hydra-bebe-lait-corps-a-lavocat-bio-flacon-pompe-500ml\/"},"modified":"2026-01-27T11:06:00","modified_gmt":"2026-01-27T10:06:00","slug":"hydra-bebe-lait-corps-a-lavocat-bio-flacon-pompe-500ml","status":"publish","type":"product","link":"https:\/\/excelpharma.apsagir.com\/index.php\/produit\/hydra-bebe-lait-corps-a-lavocat-bio-flacon-pompe-500ml\/","title":{"rendered":"Hydra B\u00e9b\u00e9 lait corps \u00e0 l\u2019avocat BIO Flacon Pompe 500ml"},"content":{"rendered":"","protected":false},"excerpt":{"rendered":"<p style=\"text-align: center;\"><strong>Affiches de Mars<\/strong><br \/>\n1,80\u20ac de BRI par unit\u00e9<\/p>\n","protected":false},"featured_media":783,"template":"","meta":[],"product_brand":[],"product_cat":[49],"product_tag":[],"class_list":{"0":"post-782","1":"product","2":"type-product","3":"status-publish","4":"has-post-thumbnail","6":"product_cat-mustela","7":"wcmx-has-trade","9":"first","10":"instock","11":"sale","12":"taxable","13":"shipping-taxable","14":"purchasable","15":"product-type-simple"},"_links":{"self":[{"href":"https:\/\/excelpharma.apsagir.com\/index.php\/wp-json\/wp\/v2\/product\/782","targetHints":{"allow":["GET"]}}],"collection":[{"href":"https:\/\/excelpharma.apsagir.com\/index.php\/wp-json\/wp\/v2\/product"}],"about":[{"href":"https:\/\/excelpharma.apsagir.com\/index.php\/wp-json\/wp\/v2\/types\/product"}],"wp:featuredmedia":[{"embeddable":true,"href":"https:\/\/excelpharma.apsagir.com\/index.php\/wp-json\/wp\/v2\/media\/783"}],"wp:attachment":[{"href":"https:\/\/excelpharma.apsagir.com\/index.php\/wp-json\/wp\/v2\/media?parent=782"}],"wp:term":[{"taxonomy":"product_brand","embeddable":true,"href":"https:\/\/excelpharma.apsagir.com\/index.php\/wp-json\/wp\/v2\/product_brand?post=782"},{"taxonomy":"product_cat","embeddable":true,"href":"https:\/\/excelpharma.apsagir.com\/index.php\/wp-json\/wp\/v2\/product_cat?post=782"},{"taxonomy":"product_tag","embeddable":true,"href":"https:\/\/excelpharma.apsagir.com\/index.php\/wp-json\/wp\/v2\/product_tag?post=782"}],"curies":[{"name":"wp","href":"https:\/\/api.w.org\/{rel}","templated":true}]}}